{"id":6580,"date":"2023-12-04T11:39:52","date_gmt":"2023-12-04T16:39:52","guid":{"rendered":"https:\/\/vivendaprevelalliancemaisonsdeville.com\/%e9%82%bb%e9%87%8c\/"},"modified":"2024-01-09T10:46:58","modified_gmt":"2024-01-09T15:46:58","slug":"%e9%82%bb%e9%87%8c","status":"publish","type":"page","link":"https:\/\/vivendaprevelalliancemaisonsdeville.com\/zh-hans\/%e9%82%bb%e9%87%8c\/","title":{"rendered":"\u90bb\u91cc"},"content":{"rendered":"<p><div class=\"fusion-fullwidth fullwidth-box fusion-builder-row-1 fusion-flex-container has-pattern-background has-mask-background fusion-parallax-none hundred-percent-fullwidth non-hundred-percent-height-scrolling lazyload\" style=\"--awb-border-radius-top-left:0px;--awb-border-radius-top-right:0px;--awb-border-radius-bottom-right:0px;--awb-border-radius-bottom-left:0px;--awb-min-height:400px;--awb-background-image:linear-gradient(180deg, rgba(0,0,0,0.6) 0%,rgba(0,0,0,0.6) 100%);;--awb-background-size:cover;--awb-flex-wrap:wrap;\" data-bg=\"https:\/\/vivendaprevelalliancemaisonsdeville.com\/wp-content\/uploads\/2023\/12\/community2-copy.jpg\" data-bg-gradient=\"linear-gradient(180deg, rgba(0,0,0,0.6) 0%,rgba(0,0,0,0.6) 100%)\" ><div class=\"fusion-builder-row fusion-row fusion-flex-align-items-center fusion-flex-align-content-center fusion-flex-justify-content-center fusion-flex-content-wrap\" style=\"width:104% !important;max-width:104% !important;margin-left: calc(-4% \/ 2 );margin-right: calc(-4% \/ 2 );\"><div class=\"fusion-layout-column fusion_builder_column fusion-builder-column-0 fusion_builder_column_3_4 3_4 fusion-flex-column\" style=\"--awb-bg-size:cover;--awb-width-large:75%;--awb-margin-top-large:0px;--awb-spacing-right-large:2.56%;--awb-margin-bottom-large:20px;--awb-spacing-left-large:2.56%;--awb-width-medium:100%;--awb-order-medium:0;--awb-spacing-right-medium:1.92%;--awb-spacing-left-medium:1.92%;--awb-width-small:100%;--awb-order-small:0;--awb-spacing-right-small:1.92%;--awb-spacing-left-small:1.92%;\"><div class=\"fusion-column-wrapper fusion-column-has-shadow fusion-flex-justify-content-flex-start fusion-content-layout-column\"><div class=\"fusion-title title fusion-title-1 fusion-title-center fusion-title-text fusion-title-size-one\" style=\"--awb-text-color:#ffffff;--awb-margin-right:0px;--awb-margin-bottom:0px;--awb-margin-left:0px;--awb-margin-top-small:0px;--awb-margin-bottom-small:20px;--awb-font-size:80px;\"><div class=\"title-sep-container title-sep-container-left\"><div class=\"title-sep sep- sep-solid\" style=\"border-color:var(--awb-color3);\"><\/div><\/div><span class=\"awb-title-spacer\"><\/span><h1 class=\"fusion-title-heading title-heading-center fusion-responsive-typography-calculated\" style=\"font-family:&quot;Roboto Condensed&quot;;font-style:normal;font-weight:500;margin:0;text-transform:uppercase;font-size:1em;--fontSize:80;line-height:var(--awb-typography1-line-height);\">\u5468\u8fb9\u5730\u533a<\/h1><span class=\"awb-title-spacer\"><\/span><div class=\"title-sep-container title-sep-container-right\"><div class=\"title-sep sep- sep-solid\" style=\"border-color:var(--awb-color3);\"><\/div><\/div><\/div><div class=\"fusion-separator\" style=\"align-self: center;margin-left: auto;margin-right: auto;margin-top:10px;width:100%;max-width:50px;\"><div class=\"fusion-separator-border sep-single sep-solid\" style=\"--awb-height:20px;--awb-amount:20px;--awb-sep-color:#ededed;border-color:#ededed;border-top-width:3px;\"><\/div><\/div><\/div><\/div><\/div><\/div><div class=\"fusion-fullwidth fullwidth-box fusion-builder-row-2 fusion-flex-container has-pattern-background has-mask-background nonhundred-percent-fullwidth non-hundred-percent-height-scrolling\" style=\"--awb-background-position:left top;--awb-border-sizes-top:0px;--awb-border-sizes-bottom:0px;--awb-border-sizes-left:0px;--awb-border-sizes-right:0px;--awb-border-radius-top-left:0px;--awb-border-radius-top-right:0px;--awb-border-radius-bottom-right:0px;--awb-border-radius-bottom-left:0px;--awb-padding-top:80px;--awb-padding-right:25px;--awb-padding-bottom:40px;--awb-padding-left:25px;--awb-padding-top-medium:80px;--awb-padding-right-medium:25px;--awb-padding-bottom-medium:40px;--awb-padding-left-medium:25px;--awb-margin-top:0px;--awb-margin-bottom:0px;--awb-margin-top-medium:0px;--awb-margin-bottom-medium:0px;--awb-margin-bottom-small:0px;--awb-background-image:linear-gradient(180deg, rgba(79,155,71,0.14) 0%,rgba(79,155,71,0.45) 100%);--awb-flex-wrap:wrap;\" ><div class=\"fusion-builder-row fusion-row fusion-flex-align-items-flex-start fusion-flex-content-wrap\" style=\"max-width:1456px;margin-left: calc(-4% \/ 2 );margin-right: calc(-4% \/ 2 );\"><div class=\"fusion-layout-column fusion_builder_column fusion-builder-column-1 fusion_builder_column_2_5 2_5 fusion-flex-column fusion-flex-align-self-flex-start fusion-column-no-min-height fusion-animated\" style=\"--awb-padding-top:15px;--awb-padding-right:15px;--awb-padding-bottom:15px;--awb-padding-left:15px;--awb-bg-color:#ffffff;--awb-bg-color-hover:#ffffff;--awb-bg-blend:overlay;--awb-bg-size:cover;--awb-width-large:40%;--awb-margin-top-large:0px;--awb-spacing-right-large:4.8%;--awb-margin-bottom-large:80px;--awb-spacing-left-large:4.8%;--awb-width-medium:80%;--awb-order-medium:0;--awb-spacing-right-medium:2.4%;--awb-spacing-left-medium:2.4%;--awb-width-small:100%;--awb-order-small:0;--awb-spacing-right-small:1.92%;--awb-spacing-left-small:1.92%;\" data-animationType=\"fadeInUp\" data-animationDuration=\"1.0\" data-animationOffset=\"top-into-view\" data-scroll-devices=\"small-visibility,medium-visibility,large-visibility\"><div class=\"fusion-column-wrapper fusion-column-has-shadow fusion-flex-justify-content-flex-start fusion-content-layout-column\"><div class=\"fusion-title title fusion-title-2 fusion-title-text fusion-title-size-two\" style=\"--awb-text-color:#000000;--awb-margin-top-small:0px;--awb-margin-bottom-small:20px;\"><div class=\"title-sep-container title-sep-container-left fusion-no-large-visibility fusion-no-medium-visibility fusion-no-small-visibility\"><div class=\"title-sep sep- sep-solid\" style=\"border-color:var(--awb-color3);\"><\/div><\/div><span class=\"awb-title-spacer fusion-no-large-visibility fusion-no-medium-visibility fusion-no-small-visibility\"><\/span><h2 class=\"fusion-title-heading title-heading-left fusion-responsive-typography-calculated\" style=\"font-family:&quot;Roboto Condensed&quot;;font-style:normal;font-weight:300;margin:0;letter-spacing:;text-transform:none;--fontSize:42;line-height:var(--awb-typography1-line-height);\">\u9760\u8fd1\u6240\u6709\u670d\u52a1<\/h2><span class=\"awb-title-spacer\"><\/span><div class=\"title-sep-container title-sep-container-right\"><div class=\"title-sep sep- sep-solid\" style=\"border-color:var(--awb-color3);\"><\/div><\/div><\/div><div class=\"fusion-text fusion-text-1 fusion-text-no-margin\" style=\"--awb-content-alignment:left;--awb-text-color:var(--awb-color8);--awb-margin-bottom:0px;\"><div class=\"flex flex-grow flex-col max-w-full\">\n<div class=\"min-h-&#091;20px&#093; text-message flex flex-col items-start gap-3 whitespace-pre-wrap break-words &#091;.text-message+&amp;&#093;:mt-5 overflow-x-auto\" data-message-author-role=\"assistant\" data-message-id=\"672fe144-e49f-4df8-a293-4db571791a9c\">\n<div class=\"markdown prose w-full break-words dark:prose-invert dark\">\n<p>\u60f3\u8c61\u4e00\u4e0b\uff0c\u5c45\u4f4f\u5728\u8ddd\u79bb\u96c4\u4f1f\u7684\u5b89\u683c\u91cc\u5c3c\u7fc1\u516c\u56ed\u4ec5\u51e0\u6b65\u4e4b\u9065\u7684\u5730\u65b9\uff0c\u8fd9\u91cc\u662f\u8be5\u5730\u533a\u771f\u6b63\u7684\u7eff\u80ba\uff0c\u5168\u5e74\u4e3a\u6d3b\u52a8\u7231\u597d\u8005\u63d0\u4f9b\u6e38\u4e50\u573a\u3002 \u4e0d\u8fdc\u5904\u7684\u4f53\u80b2\u8bbe\u65bd\uff0c\u4ece\u6c34\u4e0a\u8fd0\u52a8\u4e2d\u5fc3\u5230\u8db3\u7403\u573a\u548c\u66f2\u68cd\u7403\u573a\uff0c\u6ee1\u8db3\u4e86\u6bcf\u4e2a\u4eba\u7684\u613f\u671b\u3002<\/p>\n<p>\u5bf9\u4e8e\u90a3\u4e9b\u559c\u6b22\u4e0e\u5916\u754c\u4fdd\u6301\u8054\u7cfb\u7684\u4eba\u6765\u8bf4\uff0c\u6211\u4eec\u7684\u793e\u533a\u63d0\u4f9b\u65e0\u4e0e\u4f26\u6bd4\u7684\u4fbf\u5229\u3002 \u6b65\u884c\u5373\u53ef\u62b5\u8fbe\u603b\u7ad9\u548c Angrignon \u5730\u94c1\u7ad9\uff0c\u786e\u4fdd\u60a8\u53ef\u76f4\u8fbe\u5e02\u4e2d\u5fc3\u3002 \u9644\u8fd1\u7684\u91cd\u8981\u9ad8\u901f\u516c\u8def\u4f7f\u6bcf\u6b21\u65c5\u884c\u53d8\u5f97\u8f7b\u677e\u5feb\u6377\uff0c\u51f8\u663e\u4e86\u6211\u4eec\u7684\u6218\u7565\u4f4d\u7f6e\u3002<\/p>\n<p>\u4ece CLSC \u5230\u533b\u9662\u3001\u8d2d\u7269\u4e2d\u5fc3\u5230\u6742\u8d27\u5e97\uff0c\u8fd8\u6709\u5b97\u6559\u5bfa\u5e99\uff0c\u57fa\u672c\u670d\u52a1\u4e5f\u89e6\u624b\u53ef\u53ca\u3002 \u4e00\u5207\u90fd\u5728\u9644\u8fd1\uff0c\u8ba9\u60a8\u7684\u65e5\u5e38\u751f\u6d3b\u66f4\u52a0\u8f7b\u677e\u3002 \u5feb\u6765\u6211\u4eec\u4f4d\u4e8e\u62c9\u8428\u5c14\u7684\u8054\u6392\u522b\u5885\u793e\u533a\u63a2\u7d22\u5e73\u8861\u800c\u4e30\u5bcc\u7684\u751f\u6d3b\u3002<\/p>\n<\/div>\n<\/div>\n<\/div>\n<\/div><\/div><\/div><div class=\"fusion-layout-column fusion_builder_column fusion-builder-column-2 fusion_builder_column_3_5 3_5 fusion-flex-column\" style=\"--awb-padding-top:15px;--awb-padding-right:15px;--awb-padding-bottom:15px;--awb-padding-left:15px;--awb-bg-color:#ffffff;--awb-bg-color-hover:#ffffff;--awb-bg-size:cover;--awb-width-large:60%;--awb-margin-top-large:0px;--awb-spacing-right-large:3.2%;--awb-margin-bottom-large:20px;--awb-spacing-left-large:3.2%;--awb-width-medium:100%;--awb-order-medium:0;--awb-spacing-right-medium:1.92%;--awb-spacing-left-medium:1.92%;--awb-width-small:100%;--awb-order-small:0;--awb-spacing-right-small:1.92%;--awb-spacing-left-small:1.92%;\" data-scroll-devices=\"small-visibility,medium-visibility,large-visibility\"><div class=\"fusion-column-wrapper fusion-column-has-shadow fusion-flex-justify-content-flex-start fusion-content-layout-column\"><div><div id=\"image-map-pro-2533167e-f062-45f2-ae4e-cc16ca92dbd5\"><\/div><\/div><\/div><\/div><\/div><\/div><\/p>\n","protected":false},"excerpt":{"rendered":"","protected":false},"author":1,"featured_media":0,"parent":0,"menu_order":0,"comment_status":"closed","ping_status":"closed","template":"100-width.php","meta":{"footnotes":""},"class_list":["post-6580","page","type-page","status-publish","hentry"],"yoast_head":"<!-- This site is optimized with the Yoast SEO plugin v27.2 - https:\/\/yoast.com\/product\/yoast-seo-wordpress\/ -->\n<title>\u90bb\u91cc - Vivenda &amp; Pr\u00e9vel Alliance Maisons de ville \u00e0 Lasalle devant le Parc Angrignon | Maisons \u00e0 Vendre LaSalle Montreal&lt;<\/title>\n<meta name=\"robots\" content=\"index, follow, max-snippet:-1, max-image-preview:large, max-video-preview:-1\" \/>\n<link rel=\"canonical\" href=\"https:\/\/vivendaprevelalliancemaisonsdeville.com\/zh-hans\/%e9%82%bb%e9%87%8c\/\" \/>\n<meta property=\"og:locale\" content=\"zh_CN\" \/>\n<meta property=\"og:type\" content=\"article\" \/>\n<meta property=\"og:title\" content=\"\u90bb\u91cc - Vivenda &amp; Pr\u00e9vel Alliance Maisons de ville \u00e0 Lasalle devant le Parc Angrignon | Maisons \u00e0 Vendre LaSalle Montreal&lt;\" \/>\n<meta property=\"og:url\" content=\"https:\/\/vivendaprevelalliancemaisonsdeville.com\/zh-hans\/%e9%82%bb%e9%87%8c\/\" \/>\n<meta property=\"og:site_name\" content=\"Vivenda &amp; Pr\u00e9vel Alliance Maisons de ville \u00e0 Lasalle devant le Parc Angrignon | Maisons \u00e0 Vendre LaSalle Montreal&lt;\" \/>\n<meta property=\"article:modified_time\" content=\"2024-01-09T15:46:58+00:00\" \/>\n<meta name=\"twitter:card\" content=\"summary_large_image\" \/>\n<meta name=\"twitter:label1\" content=\"\u9884\u8ba1\u9605\u8bfb\u65f6\u95f4\" \/>\n\t<meta name=\"twitter:data1\" content=\"14 \u5206\" \/>\n<script type=\"application\/ld+json\" class=\"yoast-schema-graph\">{\"@context\":\"https:\/\/schema.org\",\"@graph\":[{\"@type\":\"WebPage\",\"@id\":\"https:\/\/vivendaprevelalliancemaisonsdeville.com\/zh-hans\/%e9%82%bb%e9%87%8c\/\",\"url\":\"https:\/\/vivendaprevelalliancemaisonsdeville.com\/zh-hans\/%e9%82%bb%e9%87%8c\/\",\"name\":\"\u90bb\u91cc - Vivenda &amp; Pr\u00e9vel Alliance Maisons de ville \u00e0 Lasalle devant le Parc Angrignon | Maisons \u00e0 Vendre LaSalle Montreal&lt;\",\"isPartOf\":{\"@id\":\"https:\/\/vivendaprevelalliancemaisonsdeville.com\/zh-hans\/#website\"},\"datePublished\":\"2023-12-04T16:39:52+00:00\",\"dateModified\":\"2024-01-09T15:46:58+00:00\",\"breadcrumb\":{\"@id\":\"https:\/\/vivendaprevelalliancemaisonsdeville.com\/zh-hans\/%e9%82%bb%e9%87%8c\/#breadcrumb\"},\"inLanguage\":\"zh-Hans\",\"potentialAction\":[{\"@type\":\"ReadAction\",\"target\":[\"https:\/\/vivendaprevelalliancemaisonsdeville.com\/zh-hans\/%e9%82%bb%e9%87%8c\/\"]}]},{\"@type\":\"BreadcrumbList\",\"@id\":\"https:\/\/vivendaprevelalliancemaisonsdeville.com\/zh-hans\/%e9%82%bb%e9%87%8c\/#breadcrumb\",\"itemListElement\":[{\"@type\":\"ListItem\",\"position\":1,\"name\":\"Home\",\"item\":\"https:\/\/vivendaprevelalliancemaisonsdeville.com\/zh-hans\/%e6%8b%89%e8%90%a8%e5%b0%94%e8%81%94%e6%8e%92%e5%88%ab%e5%a2%85%e9%a1%b9%e7%9b%ae\/\"},{\"@type\":\"ListItem\",\"position\":2,\"name\":\"\u90bb\u91cc\"}]},{\"@type\":\"WebSite\",\"@id\":\"https:\/\/vivendaprevelalliancemaisonsdeville.com\/zh-hans\/#website\",\"url\":\"https:\/\/vivendaprevelalliancemaisonsdeville.com\/zh-hans\/\",\"name\":\"Vivenda &amp; Pr\u00e9vel Alliance Maisons de ville \u00e0 Lasalle devant le Parc Angrignon | Maisons \u00e0 Vendre LaSalle Montreal&lt;\",\"description\":\"Habitez aux abords du Parc Angrignon. Maison de ville \u00e0 Vendre Lasalle - Montr\u00e9al - 5 Km du centre-ville, 800 m du m\u00e9tro, construction de qualit\u00e9  et mezzanines et toits-terrasses.\",\"potentialAction\":[{\"@type\":\"SearchAction\",\"target\":{\"@type\":\"EntryPoint\",\"urlTemplate\":\"https:\/\/vivendaprevelalliancemaisonsdeville.com\/zh-hans\/?s={search_term_string}\"},\"query-input\":{\"@type\":\"PropertyValueSpecification\",\"valueRequired\":true,\"valueName\":\"search_term_string\"}}],\"inLanguage\":\"zh-Hans\"}]}<\/script>\n<!-- \/ Yoast SEO plugin. -->","yoast_head_json":{"title":"\u90bb\u91cc - Vivenda &amp; Pr\u00e9vel Alliance Maisons de ville \u00e0 Lasalle devant le Parc Angrignon | Maisons \u00e0 Vendre LaSalle Montreal&lt;","robots":{"index":"index","follow":"follow","max-snippet":"max-snippet:-1","max-image-preview":"max-image-preview:large","max-video-preview":"max-video-preview:-1"},"canonical":"https:\/\/vivendaprevelalliancemaisonsdeville.com\/zh-hans\/%e9%82%bb%e9%87%8c\/","og_locale":"zh_CN","og_type":"article","og_title":"\u90bb\u91cc - Vivenda &amp; Pr\u00e9vel Alliance Maisons de ville \u00e0 Lasalle devant le Parc Angrignon | Maisons \u00e0 Vendre LaSalle Montreal&lt;","og_url":"https:\/\/vivendaprevelalliancemaisonsdeville.com\/zh-hans\/%e9%82%bb%e9%87%8c\/","og_site_name":"Vivenda &amp; Pr\u00e9vel Alliance Maisons de ville \u00e0 Lasalle devant le Parc Angrignon | Maisons \u00e0 Vendre LaSalle Montreal&lt;","article_modified_time":"2024-01-09T15:46:58+00:00","twitter_card":"summary_large_image","twitter_misc":{"\u9884\u8ba1\u9605\u8bfb\u65f6\u95f4":"14 \u5206"},"schema":{"@context":"https:\/\/schema.org","@graph":[{"@type":"WebPage","@id":"https:\/\/vivendaprevelalliancemaisonsdeville.com\/zh-hans\/%e9%82%bb%e9%87%8c\/","url":"https:\/\/vivendaprevelalliancemaisonsdeville.com\/zh-hans\/%e9%82%bb%e9%87%8c\/","name":"\u90bb\u91cc - Vivenda &amp; Pr\u00e9vel Alliance Maisons de ville \u00e0 Lasalle devant le Parc Angrignon | Maisons \u00e0 Vendre LaSalle Montreal&lt;","isPartOf":{"@id":"https:\/\/vivendaprevelalliancemaisonsdeville.com\/zh-hans\/#website"},"datePublished":"2023-12-04T16:39:52+00:00","dateModified":"2024-01-09T15:46:58+00:00","breadcrumb":{"@id":"https:\/\/vivendaprevelalliancemaisonsdeville.com\/zh-hans\/%e9%82%bb%e9%87%8c\/#breadcrumb"},"inLanguage":"zh-Hans","potentialAction":[{"@type":"ReadAction","target":["https:\/\/vivendaprevelalliancemaisonsdeville.com\/zh-hans\/%e9%82%bb%e9%87%8c\/"]}]},{"@type":"BreadcrumbList","@id":"https:\/\/vivendaprevelalliancemaisonsdeville.com\/zh-hans\/%e9%82%bb%e9%87%8c\/#breadcrumb","itemListElement":[{"@type":"ListItem","position":1,"name":"Home","item":"https:\/\/vivendaprevelalliancemaisonsdeville.com\/zh-hans\/%e6%8b%89%e8%90%a8%e5%b0%94%e8%81%94%e6%8e%92%e5%88%ab%e5%a2%85%e9%a1%b9%e7%9b%ae\/"},{"@type":"ListItem","position":2,"name":"\u90bb\u91cc"}]},{"@type":"WebSite","@id":"https:\/\/vivendaprevelalliancemaisonsdeville.com\/zh-hans\/#website","url":"https:\/\/vivendaprevelalliancemaisonsdeville.com\/zh-hans\/","name":"Vivenda &amp; Pr\u00e9vel Alliance Maisons de ville \u00e0 Lasalle devant le Parc Angrignon | Maisons \u00e0 Vendre LaSalle Montreal&lt;","description":"Habitez aux abords du Parc Angrignon. Maison de ville \u00e0 Vendre Lasalle - Montr\u00e9al - 5 Km du centre-ville, 800 m du m\u00e9tro, construction de qualit\u00e9  et mezzanines et toits-terrasses.","potentialAction":[{"@type":"SearchAction","target":{"@type":"EntryPoint","urlTemplate":"https:\/\/vivendaprevelalliancemaisonsdeville.com\/zh-hans\/?s={search_term_string}"},"query-input":{"@type":"PropertyValueSpecification","valueRequired":true,"valueName":"search_term_string"}}],"inLanguage":"zh-Hans"}]}},"_links":{"self":[{"href":"https:\/\/vivendaprevelalliancemaisonsdeville.com\/zh-hans\/wp-json\/wp\/v2\/pages\/6580","targetHints":{"allow":["GET"]}}],"collection":[{"href":"https:\/\/vivendaprevelalliancemaisonsdeville.com\/zh-hans\/wp-json\/wp\/v2\/pages"}],"about":[{"href":"https:\/\/vivendaprevelalliancemaisonsdeville.com\/zh-hans\/wp-json\/wp\/v2\/types\/page"}],"author":[{"embeddable":true,"href":"https:\/\/vivendaprevelalliancemaisonsdeville.com\/zh-hans\/wp-json\/wp\/v2\/users\/1"}],"replies":[{"embeddable":true,"href":"https:\/\/vivendaprevelalliancemaisonsdeville.com\/zh-hans\/wp-json\/wp\/v2\/comments?post=6580"}],"version-history":[{"count":2,"href":"https:\/\/vivendaprevelalliancemaisonsdeville.com\/zh-hans\/wp-json\/wp\/v2\/pages\/6580\/revisions"}],"predecessor-version":[{"id":6582,"href":"https:\/\/vivendaprevelalliancemaisonsdeville.com\/zh-hans\/wp-json\/wp\/v2\/pages\/6580\/revisions\/6582"}],"wp:attachment":[{"href":"https:\/\/vivendaprevelalliancemaisonsdeville.com\/zh-hans\/wp-json\/wp\/v2\/media?parent=6580"}],"curies":[{"name":"wp","href":"https:\/\/api.w.org\/{rel}","templated":true}]}}