{"id":6992,"date":"2025-04-14T15:12:14","date_gmt":"2025-04-14T19:12:14","guid":{"rendered":"https:\/\/vivendaprevelalliancemaisonsdeville.com\/?page_id=6992"},"modified":"2026-02-23T21:34:27","modified_gmt":"2026-02-24T02:34:27","slug":"schedule-an-appointment","status":"publish","type":"page","link":"https:\/\/vivendaprevelalliancemaisonsdeville.com\/en\/schedule-an-appointment\/","title":{"rendered":"Contact us \/ Make an appointment"},"content":{"rendered":"<div class=\"fusion-fullwidth fullwidth-box fusion-builder-row-1 fusion-flex-container has-pattern-background has-mask-background hundred-percent-fullwidth non-hundred-percent-height-scrolling\" style=\"--awb-border-radius-top-left:0px;--awb-border-radius-top-right:0px;--awb-border-radius-bottom-right:0px;--awb-border-radius-bottom-left:0px;--awb-padding-top:50px;--awb-flex-wrap:wrap;\" ><div class=\"fusion-builder-row fusion-row fusion-flex-align-items-flex-start fusion-flex-content-wrap\" style=\"width:104% !important;max-width:104% !important;margin-left: calc(-4% \/ 2 );margin-right: calc(-4% \/ 2 );\"><div class=\"fusion-layout-column fusion_builder_column fusion-builder-column-0 fusion_builder_column_1_1 1_1 fusion-flex-column\" style=\"--awb-bg-size:cover;--awb-width-large:100%;--awb-margin-top-large:0px;--awb-spacing-right-large:1.92%;--awb-margin-bottom-large:20px;--awb-spacing-left-large:1.92%;--awb-width-medium:100%;--awb-order-medium:0;--awb-spacing-right-medium:1.92%;--awb-spacing-left-medium:1.92%;--awb-width-small:100%;--awb-order-small:0;--awb-spacing-right-small:1.92%;--awb-spacing-left-small:1.92%;\"><div class=\"fusion-column-wrapper fusion-column-has-shadow fusion-flex-justify-content-flex-start fusion-content-layout-column\"><div class=\"fusion-menu-anchor\" id=\"information\"><\/div><div class=\"fusion-separator\" style=\"align-self: center;margin-left: auto;margin-right: auto;margin-top:20px;margin-bottom:20px;width:100%;max-width:80%;\"><div class=\"fusion-separator-border sep-single sep-solid\" style=\"--awb-height:20px;--awb-amount:20px;--awb-sep-color:var(--awb-color4);border-color:var(--awb-color4);border-top-width:2px;\"><\/div><\/div><div class=\"fusion-title title fusion-title-1 fusion-title-center fusion-title-text fusion-title-size-two\" style=\"--awb-text-color:var(--awb-color8);--awb-margin-top:10px;--awb-margin-bottom:10px;--awb-margin-top-small:0px;--awb-margin-bottom-small:20px;--awb-font-size:27px;\"><div class=\"title-sep-container title-sep-container-left\"><div class=\"title-sep sep- sep-solid\" style=\"border-color:var(--awb-color3);\"><\/div><\/div><span class=\"awb-title-spacer\"><\/span><h2 class=\"fusion-title-heading title-heading-center fusion-responsive-typography-calculated\" style=\"font-family:&quot;Roboto Condensed&quot;;font-style:normal;font-weight:400;margin:0;text-transform:none;font-size:1em;--fontSize:27;line-height:1.3;\"><p style=\"text-align: center;\">Give your family an incomparable lifestyle!<\/p>\n<p style=\"text-align: center;\">Schedule a personalized tour of our model home now.<\/p><\/h2><span class=\"awb-title-spacer\"><\/span><div class=\"title-sep-container title-sep-container-right\"><div class=\"title-sep sep- sep-solid\" style=\"border-color:var(--awb-color3);\"><\/div><\/div><\/div><div class=\"fusion-text fusion-text-1\"><p style=\"text-align: center;\">If these dates are not convenient, we will be happy to open the doors of our model home to you with 24 to 48 hours&#8217; notice.<\/p>\n<\/div><div class=\"fusion-separator\" style=\"align-self: center;margin-left: auto;margin-right: auto;margin-top:20px;width:100%;max-width:80%;\"><div class=\"fusion-separator-border sep-single sep-solid\" style=\"--awb-height:20px;--awb-amount:20px;--awb-sep-color:var(--awb-color4);border-color:var(--awb-color4);border-top-width:2px;\"><\/div><\/div><\/div><\/div><div class=\"fusion-layout-column fusion_builder_column fusion-builder-column-1 fusion_builder_column_1_3 1_3 fusion-flex-column\" style=\"--awb-bg-size:cover;--awb-width-large:33.333333333333%;--awb-margin-top-large:0px;--awb-spacing-right-large:5.76%;--awb-margin-bottom-large:20px;--awb-spacing-left-large:5.76%;--awb-width-medium:100%;--awb-order-medium:0;--awb-spacing-right-medium:1.92%;--awb-spacing-left-medium:1.92%;--awb-width-small:100%;--awb-order-small:0;--awb-spacing-right-small:1.92%;--awb-spacing-left-small:1.92%;\"><div class=\"fusion-column-wrapper fusion-column-has-shadow fusion-flex-justify-content-flex-start fusion-content-layout-column\"><iframe\n  src=\"https:\/\/api.leadconnectorhq.com\/widget\/form\/pcrRHVQ3SVLyVcYBcSAX\"\n  style=\"width:100%;height:100%;border:none;border-radius:3px\"\nid=\"inline-pcrRHVQ3SVLyVcYBcSAX\" \n    data-layout=\"{'id':'INLINE'}\"\n    data-trigger-type=\"alwaysShow\"\n    data-trigger-value=\"\"\n    data-activation-type=\"alwaysActivated\"\n    data-activation-value=\"\"\n    data-deactivation-type=\"neverDeactivate\"\n    data-deactivation-value=\"\"\n    data-form-name=\"Maisons de ville Lasalle Formulaire En - Fev 2026\"\n    data-height=\"923\"\n    data-layout-iframe-id=\"inline-pcrRHVQ3SVLyVcYBcSAX\"\n    data-form-id=\"pcrRHVQ3SVLyVcYBcSAX\"\n    title=\"Maisons de ville Lasalle Formulaire En - Fev 2026\"\n        >\n<\/iframe>\n<script src=\"https:\/\/link.msgsndr.com\/js\/form_embed.js\"><\/script><div class=\"fusion-separator\" style=\"align-self: center;margin-left: auto;margin-right: auto;margin-top:20px;width:100%;max-width:80%;\"><div class=\"fusion-separator-border sep-single sep-solid\" style=\"--awb-height:20px;--awb-amount:20px;--awb-sep-color:var(--awb-color4);border-color:var(--awb-color4);border-top-width:2px;\"><\/div><\/div><\/div><\/div><div class=\"fusion-layout-column fusion_builder_column fusion-builder-column-2 fusion_builder_column_2_3 2_3 fusion-flex-column\" style=\"--awb-bg-size:cover;--awb-width-large:66.666666666667%;--awb-margin-top-large:0px;--awb-spacing-right-large:2.88%;--awb-margin-bottom-large:20px;--awb-spacing-left-large:2.88%;--awb-width-medium:100%;--awb-order-medium:0;--awb-spacing-right-medium:1.92%;--awb-spacing-left-medium:1.92%;--awb-width-small:100%;--awb-order-small:0;--awb-spacing-right-small:1.92%;--awb-spacing-left-small:1.92%;\"><div class=\"fusion-column-wrapper fusion-column-has-shadow fusion-flex-justify-content-flex-start fusion-content-layout-column\"><!-- D\u00e9but de widget en ligne Calendly -->\n<div class=\"calendly-inline-widget\" data-url=\"https:\/\/calendly.com\/vivendaprevelalliancelasalle\/visiter-nos-maisons-de-ville-clone?hide_gdpr_banner=1&primary_color=12ba00\" style=\"min-width:320px;height:700px;\"><\/div>\n<script type=\"text\/javascript\" src=\"https:\/\/assets.calendly.com\/assets\/external\/widget.js\" async><\/script>\n<!-- Fin de widget en ligne Calendly --><\/div><\/div><\/div><\/div>\n","protected":false},"excerpt":{"rendered":"","protected":false},"author":1,"featured_media":0,"parent":0,"menu_order":0,"comment_status":"closed","ping_status":"closed","template":"100-width.php","meta":{"footnotes":""},"class_list":["post-6992","page","type-page","status-publish","hentry"],"yoast_head":"<!-- This site is optimized with the Yoast SEO plugin v27.2 - https:\/\/yoast.com\/product\/yoast-seo-wordpress\/ -->\n<title>Contact us \/ Make an appointment - Vivenda &amp; Pr\u00e9vel Alliance Maisons de ville \u00e0 Lasalle devant le Parc Angrignon | Maisons \u00e0 Vendre LaSalle Montreal&lt;<\/title>\n<meta name=\"robots\" content=\"index, follow, max-snippet:-1, max-image-preview:large, max-video-preview:-1\" \/>\n<link rel=\"canonical\" href=\"https:\/\/vivendaprevelalliancemaisonsdeville.com\/en\/schedule-an-appointment\/\" \/>\n<meta property=\"og:locale\" content=\"en_US\" \/>\n<meta property=\"og:type\" content=\"article\" \/>\n<meta property=\"og:title\" content=\"Contact us \/ Make an appointment - Vivenda &amp; Pr\u00e9vel Alliance Maisons de ville \u00e0 Lasalle devant le Parc Angrignon | Maisons \u00e0 Vendre LaSalle Montreal&lt;\" \/>\n<meta property=\"og:url\" content=\"https:\/\/vivendaprevelalliancemaisonsdeville.com\/en\/schedule-an-appointment\/\" \/>\n<meta property=\"og:site_name\" content=\"Vivenda &amp; Pr\u00e9vel Alliance Maisons de ville \u00e0 Lasalle devant le Parc Angrignon | Maisons \u00e0 Vendre LaSalle Montreal&lt;\" \/>\n<meta property=\"article:modified_time\" content=\"2026-02-24T02:34:27+00:00\" \/>\n<meta name=\"twitter:card\" content=\"summary_large_image\" \/>\n<meta name=\"twitter:label1\" content=\"Est. reading time\" \/>\n\t<meta name=\"twitter:data1\" content=\"1 minute\" \/>\n<script type=\"application\/ld+json\" class=\"yoast-schema-graph\">{\"@context\":\"https:\/\/schema.org\",\"@graph\":[{\"@type\":\"WebPage\",\"@id\":\"https:\/\/vivendaprevelalliancemaisonsdeville.com\/en\/schedule-an-appointment\/\",\"url\":\"https:\/\/vivendaprevelalliancemaisonsdeville.com\/en\/schedule-an-appointment\/\",\"name\":\"Contact us \/ Make an appointment - Vivenda &amp; Pr\u00e9vel Alliance Maisons de ville \u00e0 Lasalle devant le Parc Angrignon | Maisons \u00e0 Vendre LaSalle Montreal&lt;\",\"isPartOf\":{\"@id\":\"https:\/\/vivendaprevelalliancemaisonsdeville.com\/en\/#website\"},\"datePublished\":\"2025-04-14T19:12:14+00:00\",\"dateModified\":\"2026-02-24T02:34:27+00:00\",\"breadcrumb\":{\"@id\":\"https:\/\/vivendaprevelalliancemaisonsdeville.com\/en\/schedule-an-appointment\/#breadcrumb\"},\"inLanguage\":\"en-US\",\"potentialAction\":[{\"@type\":\"ReadAction\",\"target\":[\"https:\/\/vivendaprevelalliancemaisonsdeville.com\/en\/schedule-an-appointment\/\"]}]},{\"@type\":\"BreadcrumbList\",\"@id\":\"https:\/\/vivendaprevelalliancemaisonsdeville.com\/en\/schedule-an-appointment\/#breadcrumb\",\"itemListElement\":[{\"@type\":\"ListItem\",\"position\":1,\"name\":\"Home\",\"item\":\"https:\/\/vivendaprevelalliancemaisonsdeville.com\/en\/\"},{\"@type\":\"ListItem\",\"position\":2,\"name\":\"Contact us \/ Make an appointment\"}]},{\"@type\":\"WebSite\",\"@id\":\"https:\/\/vivendaprevelalliancemaisonsdeville.com\/en\/#website\",\"url\":\"https:\/\/vivendaprevelalliancemaisonsdeville.com\/en\/\",\"name\":\"Vivenda &amp; Pr\u00e9vel Alliance Maisons de ville \u00e0 Lasalle devant le Parc Angrignon | Maisons \u00e0 Vendre LaSalle Montreal&lt;\",\"description\":\"Habitez aux abords du Parc Angrignon. Maison de ville \u00e0 Vendre Lasalle - Montr\u00e9al - 5 Km du centre-ville, 800 m du m\u00e9tro, construction de qualit\u00e9  et mezzanines et toits-terrasses.\",\"potentialAction\":[{\"@type\":\"SearchAction\",\"target\":{\"@type\":\"EntryPoint\",\"urlTemplate\":\"https:\/\/vivendaprevelalliancemaisonsdeville.com\/en\/?s={search_term_string}\"},\"query-input\":{\"@type\":\"PropertyValueSpecification\",\"valueRequired\":true,\"valueName\":\"search_term_string\"}}],\"inLanguage\":\"en-US\"}]}<\/script>\n<!-- \/ Yoast SEO plugin. -->","yoast_head_json":{"title":"Contact us \/ Make an appointment - Vivenda &amp; Pr\u00e9vel Alliance Maisons de ville \u00e0 Lasalle devant le Parc Angrignon | Maisons \u00e0 Vendre LaSalle Montreal&lt;","robots":{"index":"index","follow":"follow","max-snippet":"max-snippet:-1","max-image-preview":"max-image-preview:large","max-video-preview":"max-video-preview:-1"},"canonical":"https:\/\/vivendaprevelalliancemaisonsdeville.com\/en\/schedule-an-appointment\/","og_locale":"en_US","og_type":"article","og_title":"Contact us \/ Make an appointment - Vivenda &amp; Pr\u00e9vel Alliance Maisons de ville \u00e0 Lasalle devant le Parc Angrignon | Maisons \u00e0 Vendre LaSalle Montreal&lt;","og_url":"https:\/\/vivendaprevelalliancemaisonsdeville.com\/en\/schedule-an-appointment\/","og_site_name":"Vivenda &amp; Pr\u00e9vel Alliance Maisons de ville \u00e0 Lasalle devant le Parc Angrignon | Maisons \u00e0 Vendre LaSalle Montreal&lt;","article_modified_time":"2026-02-24T02:34:27+00:00","twitter_card":"summary_large_image","twitter_misc":{"Est. reading time":"1 minute"},"schema":{"@context":"https:\/\/schema.org","@graph":[{"@type":"WebPage","@id":"https:\/\/vivendaprevelalliancemaisonsdeville.com\/en\/schedule-an-appointment\/","url":"https:\/\/vivendaprevelalliancemaisonsdeville.com\/en\/schedule-an-appointment\/","name":"Contact us \/ Make an appointment - Vivenda &amp; Pr\u00e9vel Alliance Maisons de ville \u00e0 Lasalle devant le Parc Angrignon | Maisons \u00e0 Vendre LaSalle Montreal&lt;","isPartOf":{"@id":"https:\/\/vivendaprevelalliancemaisonsdeville.com\/en\/#website"},"datePublished":"2025-04-14T19:12:14+00:00","dateModified":"2026-02-24T02:34:27+00:00","breadcrumb":{"@id":"https:\/\/vivendaprevelalliancemaisonsdeville.com\/en\/schedule-an-appointment\/#breadcrumb"},"inLanguage":"en-US","potentialAction":[{"@type":"ReadAction","target":["https:\/\/vivendaprevelalliancemaisonsdeville.com\/en\/schedule-an-appointment\/"]}]},{"@type":"BreadcrumbList","@id":"https:\/\/vivendaprevelalliancemaisonsdeville.com\/en\/schedule-an-appointment\/#breadcrumb","itemListElement":[{"@type":"ListItem","position":1,"name":"Home","item":"https:\/\/vivendaprevelalliancemaisonsdeville.com\/en\/"},{"@type":"ListItem","position":2,"name":"Contact us \/ Make an appointment"}]},{"@type":"WebSite","@id":"https:\/\/vivendaprevelalliancemaisonsdeville.com\/en\/#website","url":"https:\/\/vivendaprevelalliancemaisonsdeville.com\/en\/","name":"Vivenda &amp; Pr\u00e9vel Alliance Maisons de ville \u00e0 Lasalle devant le Parc Angrignon | Maisons \u00e0 Vendre LaSalle Montreal&lt;","description":"Habitez aux abords du Parc Angrignon. Maison de ville \u00e0 Vendre Lasalle - Montr\u00e9al - 5 Km du centre-ville, 800 m du m\u00e9tro, construction de qualit\u00e9  et mezzanines et toits-terrasses.","potentialAction":[{"@type":"SearchAction","target":{"@type":"EntryPoint","urlTemplate":"https:\/\/vivendaprevelalliancemaisonsdeville.com\/en\/?s={search_term_string}"},"query-input":{"@type":"PropertyValueSpecification","valueRequired":true,"valueName":"search_term_string"}}],"inLanguage":"en-US"}]}},"_links":{"self":[{"href":"https:\/\/vivendaprevelalliancemaisonsdeville.com\/en\/wp-json\/wp\/v2\/pages\/6992","targetHints":{"allow":["GET"]}}],"collection":[{"href":"https:\/\/vivendaprevelalliancemaisonsdeville.com\/en\/wp-json\/wp\/v2\/pages"}],"about":[{"href":"https:\/\/vivendaprevelalliancemaisonsdeville.com\/en\/wp-json\/wp\/v2\/types\/page"}],"author":[{"embeddable":true,"href":"https:\/\/vivendaprevelalliancemaisonsdeville.com\/en\/wp-json\/wp\/v2\/users\/1"}],"replies":[{"embeddable":true,"href":"https:\/\/vivendaprevelalliancemaisonsdeville.com\/en\/wp-json\/wp\/v2\/comments?post=6992"}],"version-history":[{"count":26,"href":"https:\/\/vivendaprevelalliancemaisonsdeville.com\/en\/wp-json\/wp\/v2\/pages\/6992\/revisions"}],"predecessor-version":[{"id":7350,"href":"https:\/\/vivendaprevelalliancemaisonsdeville.com\/en\/wp-json\/wp\/v2\/pages\/6992\/revisions\/7350"}],"wp:attachment":[{"href":"https:\/\/vivendaprevelalliancemaisonsdeville.com\/en\/wp-json\/wp\/v2\/media?parent=6992"}],"curies":[{"name":"wp","href":"https:\/\/api.w.org\/{rel}","templated":true}]}}