{"id":6508,"date":"2023-12-04T11:39:52","date_gmt":"2023-12-04T16:39:52","guid":{"rendered":"https:\/\/vivendaprevelalliancemaisonsdeville.com\/the-neighbourhood\/"},"modified":"2024-01-09T04:11:46","modified_gmt":"2024-01-09T09:11:46","slug":"the-neighbourhood","status":"publish","type":"page","link":"https:\/\/vivendaprevelalliancemaisonsdeville.com\/en\/the-neighbourhood\/","title":{"rendered":"The Neighbourhood"},"content":{"rendered":"<p><div class=\"fusion-fullwidth fullwidth-box fusion-builder-row-1 fusion-flex-container has-pattern-background has-mask-background fusion-parallax-none hundred-percent-fullwidth non-hundred-percent-height-scrolling lazyload\" style=\"--awb-border-radius-top-left:0px;--awb-border-radius-top-right:0px;--awb-border-radius-bottom-right:0px;--awb-border-radius-bottom-left:0px;--awb-min-height:400px;--awb-background-image:linear-gradient(180deg, rgba(0,0,0,0.6) 0%,rgba(0,0,0,0.6) 100%);;--awb-background-size:cover;--awb-flex-wrap:wrap;\" data-bg=\"https:\/\/vivendaprevelalliancemaisonsdeville.com\/wp-content\/uploads\/2023\/12\/community2-copy.jpg\" data-bg-gradient=\"linear-gradient(180deg, rgba(0,0,0,0.6) 0%,rgba(0,0,0,0.6) 100%)\" ><div class=\"fusion-builder-row fusion-row fusion-flex-align-items-center fusion-flex-align-content-center fusion-flex-justify-content-center fusion-flex-content-wrap\" style=\"width:104% !important;max-width:104% !important;margin-left: calc(-4% \/ 2 );margin-right: calc(-4% \/ 2 );\"><div class=\"fusion-layout-column fusion_builder_column fusion-builder-column-0 fusion_builder_column_3_4 3_4 fusion-flex-column\" style=\"--awb-bg-size:cover;--awb-width-large:75%;--awb-margin-top-large:0px;--awb-spacing-right-large:2.56%;--awb-margin-bottom-large:20px;--awb-spacing-left-large:2.56%;--awb-width-medium:100%;--awb-order-medium:0;--awb-spacing-right-medium:1.92%;--awb-spacing-left-medium:1.92%;--awb-width-small:100%;--awb-order-small:0;--awb-spacing-right-small:1.92%;--awb-spacing-left-small:1.92%;\"><div class=\"fusion-column-wrapper fusion-column-has-shadow fusion-flex-justify-content-flex-start fusion-content-layout-column\"><div class=\"fusion-title title fusion-title-1 fusion-title-center fusion-title-text fusion-title-size-one\" style=\"--awb-text-color:#ffffff;--awb-margin-right:0px;--awb-margin-bottom:0px;--awb-margin-left:0px;--awb-margin-top-small:0px;--awb-margin-bottom-small:20px;--awb-font-size:80px;\"><div class=\"title-sep-container title-sep-container-left\"><div class=\"title-sep sep- sep-solid\" style=\"border-color:var(--awb-color3);\"><\/div><\/div><span class=\"awb-title-spacer\"><\/span><h1 class=\"fusion-title-heading title-heading-center fusion-responsive-typography-calculated\" style=\"font-family:&quot;Roboto Condensed&quot;;font-style:normal;font-weight:500;margin:0;text-transform:uppercase;font-size:1em;--fontSize:80;line-height:var(--awb-typography1-line-height);\">THE NEIGHBOURHOOD<\/h1><span class=\"awb-title-spacer\"><\/span><div class=\"title-sep-container title-sep-container-right\"><div class=\"title-sep sep- sep-solid\" style=\"border-color:var(--awb-color3);\"><\/div><\/div><\/div><div class=\"fusion-separator\" style=\"align-self: center;margin-left: auto;margin-right: auto;margin-top:10px;width:100%;max-width:50px;\"><div class=\"fusion-separator-border sep-single sep-solid\" style=\"--awb-height:20px;--awb-amount:20px;--awb-sep-color:#ededed;border-color:#ededed;border-top-width:3px;\"><\/div><\/div><\/div><\/div><\/div><\/div><div class=\"fusion-fullwidth fullwidth-box fusion-builder-row-2 fusion-flex-container has-pattern-background has-mask-background nonhundred-percent-fullwidth non-hundred-percent-height-scrolling\" style=\"--awb-background-position:left top;--awb-border-sizes-top:0px;--awb-border-sizes-bottom:0px;--awb-border-sizes-left:0px;--awb-border-sizes-right:0px;--awb-border-radius-top-left:0px;--awb-border-radius-top-right:0px;--awb-border-radius-bottom-right:0px;--awb-border-radius-bottom-left:0px;--awb-padding-top:80px;--awb-padding-right:25px;--awb-padding-bottom:40px;--awb-padding-left:25px;--awb-padding-top-medium:80px;--awb-padding-right-medium:25px;--awb-padding-bottom-medium:40px;--awb-padding-left-medium:25px;--awb-margin-top:0px;--awb-margin-bottom:0px;--awb-margin-top-medium:0px;--awb-margin-bottom-medium:0px;--awb-margin-bottom-small:0px;--awb-background-image:linear-gradient(180deg, rgba(79,155,71,0.14) 0%,rgba(79,155,71,0.45) 100%);--awb-flex-wrap:wrap;\" ><div class=\"fusion-builder-row fusion-row fusion-flex-align-items-flex-start fusion-flex-content-wrap\" style=\"max-width:1456px;margin-left: calc(-4% \/ 2 );margin-right: calc(-4% \/ 2 );\"><div class=\"fusion-layout-column fusion_builder_column fusion-builder-column-1 fusion_builder_column_2_5 2_5 fusion-flex-column fusion-flex-align-self-flex-start fusion-column-no-min-height fusion-animated\" style=\"--awb-padding-top:15px;--awb-padding-right:15px;--awb-padding-bottom:15px;--awb-padding-left:15px;--awb-bg-color:#ffffff;--awb-bg-color-hover:#ffffff;--awb-bg-blend:overlay;--awb-bg-size:cover;--awb-width-large:40%;--awb-margin-top-large:0px;--awb-spacing-right-large:4.8%;--awb-margin-bottom-large:80px;--awb-spacing-left-large:4.8%;--awb-width-medium:80%;--awb-order-medium:0;--awb-spacing-right-medium:2.4%;--awb-spacing-left-medium:2.4%;--awb-width-small:100%;--awb-order-small:0;--awb-spacing-right-small:1.92%;--awb-spacing-left-small:1.92%;\" data-animationType=\"fadeInUp\" data-animationDuration=\"1.0\" data-animationOffset=\"top-into-view\" data-scroll-devices=\"small-visibility,medium-visibility,large-visibility\"><div class=\"fusion-column-wrapper fusion-column-has-shadow fusion-flex-justify-content-flex-start fusion-content-layout-column\"><div class=\"fusion-title title fusion-title-2 fusion-title-text fusion-title-size-two\" style=\"--awb-text-color:#000000;--awb-margin-top-small:0px;--awb-margin-bottom-small:20px;\"><div class=\"title-sep-container title-sep-container-left fusion-no-large-visibility fusion-no-medium-visibility fusion-no-small-visibility\"><div class=\"title-sep sep- sep-solid\" style=\"border-color:var(--awb-color3);\"><\/div><\/div><span class=\"awb-title-spacer fusion-no-large-visibility fusion-no-medium-visibility fusion-no-small-visibility\"><\/span><h2 class=\"fusion-title-heading title-heading-left fusion-responsive-typography-calculated\" style=\"font-family:&quot;Roboto Condensed&quot;;font-style:normal;font-weight:300;margin:0;letter-spacing:;text-transform:none;--fontSize:42;line-height:var(--awb-typography1-line-height);\">Near all services<\/h2><span class=\"awb-title-spacer\"><\/span><div class=\"title-sep-container title-sep-container-right\"><div class=\"title-sep sep- sep-solid\" style=\"border-color:var(--awb-color3);\"><\/div><\/div><\/div><div class=\"fusion-text fusion-text-1 fusion-text-no-margin\" style=\"--awb-content-alignment:left;--awb-text-color:var(--awb-color8);--awb-margin-bottom:0px;\"><div class=\"flex flex-grow flex-col max-w-full\">\n<div class=\"min-h-&#091;20px&#093; text-message flex flex-col items-start gap-3 whitespace-pre-wrap break-words &#091;.text-message+&amp;&#093;:mt-5 overflow-x-auto\" data-message-author-role=\"assistant\" data-message-id=\"672fe144-e49f-4df8-a293-4db571791a9c\">\n<div class=\"markdown prose w-full break-words dark:prose-invert dark\">\n<p>Imagine living a few steps from the majestic Angrignon Park, a true green lung of the region, offering a playground for year-round activity enthusiasts. Not far away, sports facilities, from the aquatic center to soccer fields and hockey arenas, meet everyone&#8217;s aspirations.<\/p>\n<p>For those who like to be connected, our neighbourhood offers incomparable accessibility. Within walking distance of the terminus and Angrignon metro station, your direct link to the city center is assured. The important highways nearby make each trip easy and quick, highlighting our strategic location.<\/p>\n<p>Essential services are also within reach, from CLSCs to hospitals, shopping centers to grocery stores, not forgetting religious temples. Everything is nearby to make your daily life easier. Come discover a balanced and enriching life in our townhouse neighbourhood in Lasalle.<\/p>\n<\/div>\n<\/div>\n<\/div>\n<\/div><\/div><\/div><div class=\"fusion-layout-column fusion_builder_column fusion-builder-column-2 fusion_builder_column_3_5 3_5 fusion-flex-column\" style=\"--awb-padding-top:15px;--awb-padding-right:15px;--awb-padding-bottom:15px;--awb-padding-left:15px;--awb-bg-color:#ffffff;--awb-bg-color-hover:#ffffff;--awb-bg-size:cover;--awb-width-large:60%;--awb-margin-top-large:0px;--awb-spacing-right-large:3.2%;--awb-margin-bottom-large:20px;--awb-spacing-left-large:3.2%;--awb-width-medium:100%;--awb-order-medium:0;--awb-spacing-right-medium:1.92%;--awb-spacing-left-medium:1.92%;--awb-width-small:100%;--awb-order-small:0;--awb-spacing-right-small:1.92%;--awb-spacing-left-small:1.92%;\" data-scroll-devices=\"small-visibility,medium-visibility,large-visibility\"><div class=\"fusion-column-wrapper fusion-column-has-shadow fusion-flex-justify-content-flex-start fusion-content-layout-column\"><div><div id=\"image-map-pro-2533167e-f062-45f2-ae4e-cc16ca92dbd5\"><\/div><\/div><\/div><\/div><\/div><\/div><\/p>\n","protected":false},"excerpt":{"rendered":"","protected":false},"author":1,"featured_media":0,"parent":0,"menu_order":0,"comment_status":"closed","ping_status":"closed","template":"100-width.php","meta":{"footnotes":""},"class_list":["post-6508","page","type-page","status-publish","hentry"],"yoast_head":"<!-- This site is optimized with the Yoast SEO plugin v27.2 - https:\/\/yoast.com\/product\/yoast-seo-wordpress\/ -->\n<title>The Neighbourhood - Vivenda &amp; Pr\u00e9vel Alliance Maisons de ville \u00e0 Lasalle devant le Parc Angrignon | Maisons \u00e0 Vendre LaSalle Montreal&lt;<\/title>\n<meta name=\"robots\" content=\"index, follow, max-snippet:-1, max-image-preview:large, max-video-preview:-1\" \/>\n<link rel=\"canonical\" href=\"https:\/\/vivendaprevelalliancemaisonsdeville.com\/en\/the-neighbourhood\/\" \/>\n<meta property=\"og:locale\" content=\"en_US\" \/>\n<meta property=\"og:type\" content=\"article\" \/>\n<meta property=\"og:title\" content=\"The Neighbourhood - Vivenda &amp; Pr\u00e9vel Alliance Maisons de ville \u00e0 Lasalle devant le Parc Angrignon | Maisons \u00e0 Vendre LaSalle Montreal&lt;\" \/>\n<meta property=\"og:url\" content=\"https:\/\/vivendaprevelalliancemaisonsdeville.com\/en\/the-neighbourhood\/\" \/>\n<meta property=\"og:site_name\" content=\"Vivenda &amp; Pr\u00e9vel Alliance Maisons de ville \u00e0 Lasalle devant le Parc Angrignon | Maisons \u00e0 Vendre LaSalle Montreal&lt;\" \/>\n<meta property=\"article:modified_time\" content=\"2024-01-09T09:11:46+00:00\" \/>\n<meta name=\"twitter:card\" content=\"summary_large_image\" \/>\n<meta name=\"twitter:label1\" content=\"Est. reading time\" \/>\n\t<meta name=\"twitter:data1\" content=\"15 minutes\" \/>\n<script type=\"application\/ld+json\" class=\"yoast-schema-graph\">{\"@context\":\"https:\/\/schema.org\",\"@graph\":[{\"@type\":\"WebPage\",\"@id\":\"https:\/\/vivendaprevelalliancemaisonsdeville.com\/en\/the-neighbourhood\/\",\"url\":\"https:\/\/vivendaprevelalliancemaisonsdeville.com\/en\/the-neighbourhood\/\",\"name\":\"The Neighbourhood - Vivenda &amp; Pr\u00e9vel Alliance Maisons de ville \u00e0 Lasalle devant le Parc Angrignon | Maisons \u00e0 Vendre LaSalle Montreal&lt;\",\"isPartOf\":{\"@id\":\"https:\/\/vivendaprevelalliancemaisonsdeville.com\/en\/#website\"},\"datePublished\":\"2023-12-04T16:39:52+00:00\",\"dateModified\":\"2024-01-09T09:11:46+00:00\",\"breadcrumb\":{\"@id\":\"https:\/\/vivendaprevelalliancemaisonsdeville.com\/en\/the-neighbourhood\/#breadcrumb\"},\"inLanguage\":\"en-US\",\"potentialAction\":[{\"@type\":\"ReadAction\",\"target\":[\"https:\/\/vivendaprevelalliancemaisonsdeville.com\/en\/the-neighbourhood\/\"]}]},{\"@type\":\"BreadcrumbList\",\"@id\":\"https:\/\/vivendaprevelalliancemaisonsdeville.com\/en\/the-neighbourhood\/#breadcrumb\",\"itemListElement\":[{\"@type\":\"ListItem\",\"position\":1,\"name\":\"Home\",\"item\":\"https:\/\/vivendaprevelalliancemaisonsdeville.com\/en\/\"},{\"@type\":\"ListItem\",\"position\":2,\"name\":\"The Neighbourhood\"}]},{\"@type\":\"WebSite\",\"@id\":\"https:\/\/vivendaprevelalliancemaisonsdeville.com\/en\/#website\",\"url\":\"https:\/\/vivendaprevelalliancemaisonsdeville.com\/en\/\",\"name\":\"Vivenda &amp; Pr\u00e9vel Alliance Maisons de ville \u00e0 Lasalle devant le Parc Angrignon | Maisons \u00e0 Vendre LaSalle Montreal&lt;\",\"description\":\"Habitez aux abords du Parc Angrignon. Maison de ville \u00e0 Vendre Lasalle - Montr\u00e9al - 5 Km du centre-ville, 800 m du m\u00e9tro, construction de qualit\u00e9  et mezzanines et toits-terrasses.\",\"potentialAction\":[{\"@type\":\"SearchAction\",\"target\":{\"@type\":\"EntryPoint\",\"urlTemplate\":\"https:\/\/vivendaprevelalliancemaisonsdeville.com\/en\/?s={search_term_string}\"},\"query-input\":{\"@type\":\"PropertyValueSpecification\",\"valueRequired\":true,\"valueName\":\"search_term_string\"}}],\"inLanguage\":\"en-US\"}]}<\/script>\n<!-- \/ Yoast SEO plugin. -->","yoast_head_json":{"title":"The Neighbourhood - Vivenda &amp; Pr\u00e9vel Alliance Maisons de ville \u00e0 Lasalle devant le Parc Angrignon | Maisons \u00e0 Vendre LaSalle Montreal&lt;","robots":{"index":"index","follow":"follow","max-snippet":"max-snippet:-1","max-image-preview":"max-image-preview:large","max-video-preview":"max-video-preview:-1"},"canonical":"https:\/\/vivendaprevelalliancemaisonsdeville.com\/en\/the-neighbourhood\/","og_locale":"en_US","og_type":"article","og_title":"The Neighbourhood - Vivenda &amp; Pr\u00e9vel Alliance Maisons de ville \u00e0 Lasalle devant le Parc Angrignon | Maisons \u00e0 Vendre LaSalle Montreal&lt;","og_url":"https:\/\/vivendaprevelalliancemaisonsdeville.com\/en\/the-neighbourhood\/","og_site_name":"Vivenda &amp; Pr\u00e9vel Alliance Maisons de ville \u00e0 Lasalle devant le Parc Angrignon | Maisons \u00e0 Vendre LaSalle Montreal&lt;","article_modified_time":"2024-01-09T09:11:46+00:00","twitter_card":"summary_large_image","twitter_misc":{"Est. reading time":"15 minutes"},"schema":{"@context":"https:\/\/schema.org","@graph":[{"@type":"WebPage","@id":"https:\/\/vivendaprevelalliancemaisonsdeville.com\/en\/the-neighbourhood\/","url":"https:\/\/vivendaprevelalliancemaisonsdeville.com\/en\/the-neighbourhood\/","name":"The Neighbourhood - Vivenda &amp; Pr\u00e9vel Alliance Maisons de ville \u00e0 Lasalle devant le Parc Angrignon | Maisons \u00e0 Vendre LaSalle Montreal&lt;","isPartOf":{"@id":"https:\/\/vivendaprevelalliancemaisonsdeville.com\/en\/#website"},"datePublished":"2023-12-04T16:39:52+00:00","dateModified":"2024-01-09T09:11:46+00:00","breadcrumb":{"@id":"https:\/\/vivendaprevelalliancemaisonsdeville.com\/en\/the-neighbourhood\/#breadcrumb"},"inLanguage":"en-US","potentialAction":[{"@type":"ReadAction","target":["https:\/\/vivendaprevelalliancemaisonsdeville.com\/en\/the-neighbourhood\/"]}]},{"@type":"BreadcrumbList","@id":"https:\/\/vivendaprevelalliancemaisonsdeville.com\/en\/the-neighbourhood\/#breadcrumb","itemListElement":[{"@type":"ListItem","position":1,"name":"Home","item":"https:\/\/vivendaprevelalliancemaisonsdeville.com\/en\/"},{"@type":"ListItem","position":2,"name":"The Neighbourhood"}]},{"@type":"WebSite","@id":"https:\/\/vivendaprevelalliancemaisonsdeville.com\/en\/#website","url":"https:\/\/vivendaprevelalliancemaisonsdeville.com\/en\/","name":"Vivenda &amp; Pr\u00e9vel Alliance Maisons de ville \u00e0 Lasalle devant le Parc Angrignon | Maisons \u00e0 Vendre LaSalle Montreal&lt;","description":"Habitez aux abords du Parc Angrignon. Maison de ville \u00e0 Vendre Lasalle - Montr\u00e9al - 5 Km du centre-ville, 800 m du m\u00e9tro, construction de qualit\u00e9  et mezzanines et toits-terrasses.","potentialAction":[{"@type":"SearchAction","target":{"@type":"EntryPoint","urlTemplate":"https:\/\/vivendaprevelalliancemaisonsdeville.com\/en\/?s={search_term_string}"},"query-input":{"@type":"PropertyValueSpecification","valueRequired":true,"valueName":"search_term_string"}}],"inLanguage":"en-US"}]}},"_links":{"self":[{"href":"https:\/\/vivendaprevelalliancemaisonsdeville.com\/en\/wp-json\/wp\/v2\/pages\/6508","targetHints":{"allow":["GET"]}}],"collection":[{"href":"https:\/\/vivendaprevelalliancemaisonsdeville.com\/en\/wp-json\/wp\/v2\/pages"}],"about":[{"href":"https:\/\/vivendaprevelalliancemaisonsdeville.com\/en\/wp-json\/wp\/v2\/types\/page"}],"author":[{"embeddable":true,"href":"https:\/\/vivendaprevelalliancemaisonsdeville.com\/en\/wp-json\/wp\/v2\/users\/1"}],"replies":[{"embeddable":true,"href":"https:\/\/vivendaprevelalliancemaisonsdeville.com\/en\/wp-json\/wp\/v2\/comments?post=6508"}],"version-history":[{"count":2,"href":"https:\/\/vivendaprevelalliancemaisonsdeville.com\/en\/wp-json\/wp\/v2\/pages\/6508\/revisions"}],"predecessor-version":[{"id":6510,"href":"https:\/\/vivendaprevelalliancemaisonsdeville.com\/en\/wp-json\/wp\/v2\/pages\/6508\/revisions\/6510"}],"wp:attachment":[{"href":"https:\/\/vivendaprevelalliancemaisonsdeville.com\/en\/wp-json\/wp\/v2\/media?parent=6508"}],"curies":[{"name":"wp","href":"https:\/\/api.w.org\/{rel}","templated":true}]}}